{"id":16184,"date":"2025-11-22T21:41:24","date_gmt":"2025-11-22T21:41:24","guid":{"rendered":"https:\/\/whitesmoke-cat-974485.hostingersite.com\/?page_id=16184"},"modified":"2026-01-08T02:39:49","modified_gmt":"2026-01-08T02:39:49","slug":"sertler-ve-qaydalar","status":"publish","type":"page","link":"https:\/\/cek.az\/en\/sertler-ve-qaydalar\/","title":{"rendered":"\u015e\u018fRTL\u018fR V\u018f QAYDALAR"},"content":{"rendered":"<div data-elementor-type=\"wp-page\" data-elementor-id=\"16184\" class=\"elementor elementor-16184\" data-elementor-post-type=\"page\">\n\t\t\t\t\t\t<section class=\"wd-negative-gap elementor-section elementor-top-section elementor-element elementor-element-746e3006 wd-section-stretch-content elementor-section-boxed elementor-section-height-default elementor-section-height-default\" data-id=\"746e3006\" data-element_type=\"section\" data-e-type=\"section\">\n\t\t\t\t\t\t<div class=\"elementor-container elementor-column-gap-default\">\n\t\t\t\t\t<div class=\"elementor-column elementor-col-50 elementor-top-column elementor-element elementor-element-aaceb88\" data-id=\"aaceb88\" data-element_type=\"column\" data-e-type=\"column\" data-settings=\"{&quot;background_background&quot;:&quot;classic&quot;}\">\n\t\t\t<div class=\"elementor-widget-wrap elementor-element-populated\">\n\t\t\t\t\t\t<div class=\"elementor-element elementor-element-47bacac9 elementor-widget elementor-widget-spacer\" data-id=\"47bacac9\" data-element_type=\"widget\" data-e-type=\"widget\" data-widget_type=\"spacer.default\">\n\t\t\t\t<div class=\"elementor-widget-container\">\n\t\t\t\t\t\t\t<div class=\"elementor-spacer\">\n\t\t\t<div class=\"elementor-spacer-inner\"><\/div>\n\t\t<\/div>\n\t\t\t\t\t\t<\/div>\n\t\t\t\t<\/div>\n\t\t\t\t\t<\/div>\n\t\t<\/div>\n\t\t\t\t<div class=\"elementor-column elementor-col-50 elementor-top-column elementor-element elementor-element-2a21dc8e\" data-id=\"2a21dc8e\" data-element_type=\"column\" data-e-type=\"column\">\n\t\t\t<div class=\"elementor-widget-wrap elementor-element-populated\">\n\t\t\t\t\t\t<div class=\"elementor-element elementor-element-2a1b5a14 wd-width-100 elementor-widget elementor-widget-wd_title\" data-id=\"2a1b5a14\" data-element_type=\"widget\" data-e-type=\"widget\" data-widget_type=\"wd_title.default\">\n\t\t\t\t<div class=\"elementor-widget-container\">\n\t\t\t\t\t\t\t<div class=\"title-wrapper wd-set-mb reset-last-child wd-title-color-default wd-title-style-default wd-title-size-large text-left\">\n\n\t\t\t\n\t\t\t<div class=\"liner-continer\">\n\t\t\t\t<h4 class=\"woodmart-title-container title wd-fontsize-xxl\">\u0130stifad\u0259 \u015f\u0259rtl\u0259ri v\u0259 texniki uy\u011funluq qaydalar\u0131<\/h4> \n\t\t\t\t\t\t\t<\/div>\n\n\t\t\t\t\t<\/div>\n\t\t\t\t\t\t<\/div>\n\t\t\t\t<\/div>\n\t\t\t\t<section class=\"wd-negative-gap elementor-section elementor-inner-section elementor-element elementor-element-7ca271bd elementor-section-boxed elementor-section-height-default elementor-section-height-default\" data-id=\"7ca271bd\" data-element_type=\"section\" data-e-type=\"section\">\n\t\t\t\t\t\t<div class=\"elementor-container elementor-column-gap-default\">\n\t\t\t\t\t<div class=\"elementor-column elementor-col-50 elementor-inner-column elementor-element elementor-element-40a20546\" data-id=\"40a20546\" data-element_type=\"column\" data-e-type=\"column\">\n\t\t\t<div class=\"elementor-widget-wrap elementor-element-populated\">\n\t\t\t\t\t\t<div class=\"elementor-element elementor-element-111900cb elementor-widget elementor-widget-wd_text_block\" data-id=\"111900cb\" data-element_type=\"widget\" data-e-type=\"widget\" data-widget_type=\"wd_text_block.default\">\n\t\t\t\t<div class=\"elementor-widget-container\">\n\t\t\t\t\t\t\t<div class=\"wd-text-block reset-last-child text-left\">\n\t\t\t\n\t\t\t<h6>M\u018fHSULLARIN \u0130ST\u0130FAD\u018fS\u0130:\u00a0<\/h6><p>\u00c7ek, etiket v\u0259 lent m\u0259hsullar\u0131 yaln\u0131z uy\u011fun cihazlarda istifad\u0259 edilm\u0259lidir. Uy\u011funsuz istifad\u0259d\u0259 \u00e7ap keyfiyy\u0259ti z\u0259ifl\u0259y\u0259 bil\u0259r.<\/p>\n\t\t\t\t\t<\/div>\n\t\t\t\t\t\t<\/div>\n\t\t\t\t<\/div>\n\t\t\t\t<div class=\"elementor-element elementor-element-18695541 elementor-widget elementor-widget-wd_text_block\" data-id=\"18695541\" data-element_type=\"widget\" data-e-type=\"widget\" data-widget_type=\"wd_text_block.default\">\n\t\t\t\t<div class=\"elementor-widget-container\">\n\t\t\t\t\t\t\t<div class=\"wd-text-block reset-last-child text-left\">\n\t\t\t\n\t\t\t<h6>SAXLAMA \u015e\u018fRTL\u018fR\u0130:<\/h6><p data-start=\"1484\" data-end=\"1576\">Ka\u011f\u0131z v\u0259 etiketl\u0259r quru, g\u00fcn\u0259\u015f i\u015f\u0131\u011f\u0131ndan uzaq m\u00fchitd\u0259 saxlanmal\u0131d\u0131r.<\/p>\n\t\t\t\t\t<\/div>\n\t\t\t\t\t\t<\/div>\n\t\t\t\t<\/div>\n\t\t\t\t\t<\/div>\n\t\t<\/div>\n\t\t\t\t<div class=\"elementor-column elementor-col-50 elementor-top-column elementor-element elementor-element-6a5556c2\" data-id=\"6a5556c2\" data-element_type=\"column\" data-e-type=\"column\">\n\t\t\t<div class=\"elementor-widget-wrap elementor-element-populated\">\n\t\t\t\t\t\t<div class=\"elementor-element elementor-element-22bd6bbc elementor-widget elementor-widget-wd_text_block\" data-id=\"22bd6bbc\" data-element_type=\"widget\" data-e-type=\"widget\" data-widget_type=\"wd_text_block.default\">\n\t\t\t\t<div class=\"elementor-widget-container\">\n\t\t\t\t\t\t\t<div class=\"wd-text-block reset-last-child text-left\">\n\t\t\t\n\t\t\t<h6>TEXN\u0130K\u0130 UY\u011eUNLUQ:<\/h6><p data-start=\"1601\" data-end=\"1694\">\u00d6l\u00e7\u00fcl\u0259r, rulon n\u00fcv\u0259si v\u0259 printer n\u00f6v\u00fc sifari\u015fd\u0259n \u0259vv\u0259l yoxlanmal\u0131d\u0131r.<\/p>\n\t\t\t\t\t<\/div>\n\t\t\t\t\t\t<\/div>\n\t\t\t\t<\/div>\n\t\t\t\t<div class=\"elementor-element elementor-element-724f87b3 elementor-widget elementor-widget-wd_text_block\" data-id=\"724f87b3\" data-element_type=\"widget\" data-e-type=\"widget\" data-widget_type=\"wd_text_block.default\">\n\t\t\t\t<div class=\"elementor-widget-container\">\n\t\t\t\t\t\t\t<div class=\"wd-text-block reset-last-child text-left\">\n\t\t\t\n\t\t\t<h6>\u00c7ATDIRILMA \u015e\u018fRTL\u018fR\u0130:<\/h6><p data-start=\"1696\" data-end=\"1807\">Rayonlara \u00e7atd\u0131r\u0131lma m\u00f6vcuddur. Topdan sifari\u015fl\u0259r \u00fc\u00e7\u00fcn x\u00fcsusi \u015f\u0259rtl\u0259r t\u0259tbiq edilir.<\/p>\n\t\t\t\t\t<\/div>\n\t\t\t\t\t\t<\/div>\n\t\t\t\t<\/div>\n\t\t\t\t\t<\/div>\n\t\t<\/div>\n\t\t\t\t\t<\/div>\n\t\t<\/section>\n\t\t\t\t<div class=\"elementor-element elementor-element-d2f8f45 elementor-widget__width-auto wd-animation-slide-from-bottom wd_delay_300 wd-animation-normal wd-animation wd-transform elementor-widget elementor-widget-wd_button\" data-id=\"d2f8f45\" data-element_type=\"widget\" data-e-type=\"widget\" data-widget_type=\"wd_button.default\">\n\t\t\t\t<div class=\"elementor-widget-container\">\n\t\t\t\t\t\t\t<div class=\"wd-button-wrapper text-center\" >\n\t\t\t<a class=\"btn btn-style-3d btn-shape-rectangle btn-size-default btn-color-primary btn-icon-pos-right\"  href=\"https:\/\/whitesmoke-cat-974485.hostingersite.com\/\">\n\t\t\t\t<span class=\"wd-btn-text\" data-elementor-setting-key=\"text\">\n\t\t\t\t\tKataloqa bax\t\t\t\t<\/span>\n\n\t\t\t\t\t\t\t<\/a>\n\t\t<\/div>\n\t\t\t\t\t\t<\/div>\n\t\t\t\t<\/div>\n\t\t\t\t\t<\/div>\n\t\t<\/div>\n\t\t\t\t\t<\/div>\n\t\t<\/section>\n\t\t\t\t<\/div>","protected":false},"excerpt":{"rendered":"<p>\u0130stifad\u0259 \u015f\u0259rtl\u0259ri v\u0259 texniki uy\u011funluq qaydalar\u0131 M\u018fHSULLARIN \u0130ST\u0130FAD\u018fS\u0130:\u00a0 \u00c7ek, etiket v\u0259 lent m\u0259hsullar\u0131 yaln\u0131z uy\u011fun cihazlarda istifad\u0259 edilm\u0259lidir. Uy\u011funsuz istifad\u0259d\u0259<\/p>","protected":false},"author":1,"featured_media":0,"parent":0,"menu_order":0,"comment_status":"closed","ping_status":"closed","template":"","meta":{"footnotes":""},"class_list":["post-16184","page","type-page","status-publish","hentry"],"_links":{"self":[{"href":"https:\/\/cek.az\/en\/wp-json\/wp\/v2\/pages\/16184","targetHints":{"allow":["GET"]}}],"collection":[{"href":"https:\/\/cek.az\/en\/wp-json\/wp\/v2\/pages"}],"about":[{"href":"https:\/\/cek.az\/en\/wp-json\/wp\/v2\/types\/page"}],"author":[{"embeddable":true,"href":"https:\/\/cek.az\/en\/wp-json\/wp\/v2\/users\/1"}],"replies":[{"embeddable":true,"href":"https:\/\/cek.az\/en\/wp-json\/wp\/v2\/comments?post=16184"}],"version-history":[{"count":25,"href":"https:\/\/cek.az\/en\/wp-json\/wp\/v2\/pages\/16184\/revisions"}],"predecessor-version":[{"id":16625,"href":"https:\/\/cek.az\/en\/wp-json\/wp\/v2\/pages\/16184\/revisions\/16625"}],"wp:attachment":[{"href":"https:\/\/cek.az\/en\/wp-json\/wp\/v2\/media?parent=16184"}],"curies":[{"name":"wp","href":"https:\/\/api.w.org\/{rel}","templated":true}]}}