{"id":16871,"date":"2026-01-25T20:18:32","date_gmt":"2026-01-25T20:18:32","guid":{"rendered":"https:\/\/cek.az\/?page_id=16871"},"modified":"2026-01-25T20:18:32","modified_gmt":"2026-01-25T20:18:32","slug":"bloq","status":"publish","type":"page","link":"https:\/\/cek.az\/en\/bloq\/","title":{"rendered":"Bloq"},"content":{"rendered":"<div data-elementor-type=\"wp-page\" data-elementor-id=\"16871\" class=\"elementor elementor-16871\" data-elementor-post-type=\"page\">\n\t\t\t\t\t\t<section class=\"wd-negative-gap elementor-section elementor-top-section elementor-element elementor-element-604c4496 wd-section-stretch elementor-section-content-middle elementor-section-boxed elementor-section-height-default elementor-section-height-default\" data-id=\"604c4496\" data-element_type=\"section\" data-e-type=\"section\">\n\t\t\t\t\t\t<div class=\"elementor-container elementor-column-gap-extended\">\n\t\t\t\t\t<div class=\"elementor-column elementor-col-50 elementor-top-column elementor-element elementor-element-6f381f18\" data-id=\"6f381f18\" data-element_type=\"column\" data-e-type=\"column\">\n\t\t\t<div class=\"elementor-widget-wrap elementor-element-populated\">\n\t\t\t\t\t\t<div class=\"elementor-element elementor-element-4e1eb7d0 wd-width-100 elementor-widget elementor-widget-wd_images_gallery\" data-id=\"4e1eb7d0\" data-element_type=\"widget\" data-e-type=\"widget\" data-widget_type=\"wd_images_gallery.default\">\n\t\t\t\t<div class=\"elementor-widget-container\">\n\t\t\t\t\t\t\t<div class=\"wd-images-gallery photoswipe-images\" style=\"--wd-align-items:center; --wd-justify-content:center;\">\n\t\t\t\t\t\t<div class=\"wd-masonry wd-grid-f-col\" style=\"--wd-col-lg:2;--wd-col-md:2;--wd-col-sm:1;--wd-gap-lg:6px;\" >\n\t\t\t\t\t\t\t\t\t\t\t\t\t\t\t\t\t\t<div class=\"wd-gallery-item wd-col\">\n\t\t\t\t\t\t\t\t\t\t\t\t\t<a  href=\"https:\/\/cek.az\/wp-content\/uploads\/2026\/01\/2-product-01-02-cekaz.webp\" data-width=\"700\" data-height=\"800\" data-index=\"1\" data-elementor-open-lightbox=\"no\">\n\t\t\t\t\t\t\n\t\t\t\t\t\t<img loading=\"lazy\" decoding=\"async\" width=\"700\" height=\"800\" src=\"https:\/\/cek.az\/wp-content\/uploads\/2026\/01\/2-product-01-02-cekaz.webp\" class=\"attachment-full size-full\" alt=\"2 product 01 -02 cekaz\" srcset=\"https:\/\/cek.az\/wp-content\/uploads\/2026\/01\/2-product-01-02-cekaz.webp 700w, https:\/\/cek.az\/wp-content\/uploads\/2026\/01\/2-product-01-02-cekaz-263x300.webp 263w, https:\/\/cek.az\/wp-content\/uploads\/2026\/01\/2-product-01-02-cekaz-430x491.webp 430w, https:\/\/cek.az\/wp-content\/uploads\/2026\/01\/2-product-01-02-cekaz-150x171.webp 150w\" sizes=\"auto, (max-width: 700px) 100vw, 700px\" \/>\n\t\t\t\t\t\t\t\t\t\t\t\t\t<\/a>\n\t\t\t\t\t\t\t\t\t\t\t<\/div>\n\t\t\t\t\t\t\t\t\t\t\t\t\t\t\t<div class=\"wd-gallery-item wd-col\">\n\t\t\t\t\t\t\t\t\t\t\t\t\t<a  href=\"https:\/\/cek.az\/wp-content\/uploads\/2026\/01\/1-product-01-02-cekaz.webp\" data-width=\"700\" data-height=\"800\" data-index=\"2\" data-elementor-open-lightbox=\"no\">\n\t\t\t\t\t\t\n\t\t\t\t\t\t<img loading=\"lazy\" decoding=\"async\" width=\"700\" height=\"800\" src=\"https:\/\/cek.az\/wp-content\/uploads\/2026\/01\/1-product-01-02-cekaz.webp\" class=\"attachment-full size-full\" alt=\"1 product 01 -02 cekaz\" srcset=\"https:\/\/cek.az\/wp-content\/uploads\/2026\/01\/1-product-01-02-cekaz.webp 700w, https:\/\/cek.az\/wp-content\/uploads\/2026\/01\/1-product-01-02-cekaz-263x300.webp 263w, https:\/\/cek.az\/wp-content\/uploads\/2026\/01\/1-product-01-02-cekaz-430x491.webp 430w, https:\/\/cek.az\/wp-content\/uploads\/2026\/01\/1-product-01-02-cekaz-150x171.webp 150w\" sizes=\"auto, (max-width: 700px) 100vw, 700px\" \/>\n\t\t\t\t\t\t\t\t\t\t\t\t\t<\/a>\n\t\t\t\t\t\t\t\t\t\t\t<\/div>\n\t\t\t\t\t\t\t\t\t\t\t\t\t<\/div>\n\t\t\t\t\t<\/div>\n\t\t\t\t\t\t<\/div>\n\t\t\t\t<\/div>\n\t\t\t\t\t<\/div>\n\t\t<\/div>\n\t\t\t\t<div class=\"elementor-column elementor-col-50 elementor-top-column elementor-element elementor-element-a4f9ff1\" data-id=\"a4f9ff1\" data-element_type=\"column\" data-e-type=\"column\">\n\t\t\t<div class=\"elementor-widget-wrap elementor-element-populated\">\n\t\t\t\t\t\t<div class=\"elementor-element elementor-element-333e1c9c wd-width-100 elementor-widget elementor-widget-wd_title\" data-id=\"333e1c9c\" data-element_type=\"widget\" data-e-type=\"widget\" data-widget_type=\"wd_title.default\">\n\t\t\t\t<div class=\"elementor-widget-container\">\n\t\t\t\t\t\t\t<div class=\"title-wrapper wd-set-mb reset-last-child wd-title-color-default wd-title-style-default wd-title-size-default text-left\">\n\n\t\t\t\n\t\t\t<div class=\"liner-continer\">\n\t\t\t\t<h4 class=\"woodmart-title-container title wd-fontsize-l wd-underline-bordered\">M\u00fcxt\u0259lif n\u00f6v <strong><u> ofis, etiket v\u0259 ofis l\u0259vazimatlar\u0131<\/u><\/strong> t\u0259klif ediirk.<\/h4> \n\t\t\t\t\t\t\t<\/div>\n\n\t\t\t\t\t<\/div>\n\t\t\t\t\t\t<\/div>\n\t\t\t\t<\/div>\n\t\t\t\t<div class=\"elementor-element elementor-element-270f037a elementor-widget elementor-widget-wd_text_block\" data-id=\"270f037a\" data-element_type=\"widget\" data-e-type=\"widget\" data-widget_type=\"wd_text_block.default\">\n\t\t\t\t<div class=\"elementor-widget-container\">\n\t\t\t\t\t\t\t<div class=\"wd-text-block reset-last-child text-left\">\n\t\t\t\n\t\t\t<p data-start=\"694\" data-end=\"925\">CEKAZ MMC olaraq m\u00fcxt\u0259lif n\u00f6v ticar\u0259t, logistika v\u0259 xidm\u0259t sah\u0259l\u0259ri \u00fc\u00e7\u00fcn kassa \u00e7ekl\u0259ri, barkod etiketl\u0259ri, printer ka\u011f\u0131zlar\u0131 v\u0259 POS avadanl\u0131qlar\u0131 t\u0259qdim edirik. M\u0259hsullar\u0131m\u0131z g\u00fcnd\u0259lik intensiv istifad\u0259y\u0259 uy\u011fun se\u00e7ilir, stabil keyfiyy\u0259t v\u0259 uy\u011funluq t\u0259min olunur.<\/p>\n\t\t\t\t\t<\/div>\n\t\t\t\t\t\t<\/div>\n\t\t\t\t<\/div>\n\t\t\t\t<div class=\"elementor-element elementor-element-6dfe21a elementor-widget__width-auto wd-animation-slide-from-bottom wd_delay_300 wd-animation-normal wd-animation wd-transform elementor-widget elementor-widget-wd_button\" data-id=\"6dfe21a\" data-element_type=\"widget\" data-e-type=\"widget\" data-widget_type=\"wd_button.default\">\n\t\t\t\t<div class=\"elementor-widget-container\">\n\t\t\t\t\t\t\t<div class=\"wd-button-wrapper text-left\" >\n\t\t\t<a class=\"btn btn-style-3d btn-shape-rectangle btn-size-default btn-icon-pos-right\"  href=\"https:\/\/whitesmoke-cat-974485.hostingersite.com\/\" style=\"--btn-color:#fff;--btn-color-hover:#fff;\">\n\t\t\t\t<span class=\"wd-btn-text\" data-elementor-setting-key=\"text\">\n\t\t\t\t\tKataloqa bax\t\t\t\t<\/span>\n\n\t\t\t\t\t\t\t<\/a>\n\t\t<\/div>\n\t\t\t\t\t\t<\/div>\n\t\t\t\t<\/div>\n\t\t\t\t\t<\/div>\n\t\t<\/div>\n\t\t\t\t\t<\/div>\n\t\t<\/section>\n\t\t\t\t<section class=\"wd-negative-gap elementor-section elementor-top-section elementor-element elementor-element-7c48e169 elementor-section-boxed elementor-section-height-default elementor-section-height-default\" data-id=\"7c48e169\" data-element_type=\"section\" data-e-type=\"section\">\n\t\t\t\t\t\t<div class=\"elementor-container elementor-column-gap-default\">\n\t\t\t\t\t<div class=\"elementor-column elementor-col-33 elementor-top-column elementor-element elementor-element-1ce7e7cd\" data-id=\"1ce7e7cd\" data-element_type=\"column\" data-e-type=\"column\">\n\t\t\t<div class=\"elementor-widget-wrap elementor-element-populated\">\n\t\t\t\t\t\t<div class=\"elementor-element elementor-element-9906b7e elementor-widget elementor-widget-wd_infobox\" data-id=\"9906b7e\" data-element_type=\"widget\" data-e-type=\"widget\" data-widget_type=\"wd_infobox.default\">\n\t\t\t\t<div class=\"elementor-widget-container\">\n\t\t\t\t\t\t\t<div class=\"info-box-wrapper\">\n\t\t\t<div class=\"wd-info-box text-left box-icon-align-left box-style-base color-scheme- wd-items-top\">\n\t\t\t\t\t\t\t\t\t<div class=\"box-icon-wrapper  box-with-text text-size-large box-icon-simple\">\n\t\t\t\t\t\t<div class=\"info-box-icon\">\n\t\t\t\t\t\t\t\t\t\t\t\t\t\t\t01.\t\t\t\t\t\t\t\t\t\t\t\t\t<\/div>\n\t\t\t\t\t<\/div>\n\t\t\t\t\n\t\t\t\t<div class=\"info-box-content\">\n\t\t\t\t\t\n\t\t\t\t\t\t\t\t\t\t\t<h4\t\t\t\t\t\tclass=\"info-box-title title box-title-style-default wd-fontsize-m\" data-elementor-setting-key=\"title\">\n\t\t\t\t\t\t\t\t<strong>Geni\u015f m\u0259hsul se\u00e7imi<\/strong>\t\t\t\t\t\t<\/h4>\n\t\t\t\t\t\n\t\t\t\t\t<div class=\"info-box-inner reset-last-child\"data-elementor-setting-key=\"content\"><p data-start=\"982\" data-end=\"1054\">POS v\u0259 ofis \u00fc\u00e7\u00fcn b\u00fct\u00fcn \u0259sas kateqoriyalar.<\/p>\n<\/div>\n\n\t\t\t\t\t\t\t\t\t<\/div>\n\n\t\t\t\t\t\t\t<\/div>\n\t\t<\/div>\n\t\t\t\t\t\t<\/div>\n\t\t\t\t<\/div>\n\t\t\t\t\t<\/div>\n\t\t<\/div>\n\t\t\t\t<div class=\"elementor-column elementor-col-33 elementor-top-column elementor-element elementor-element-1ecea097\" data-id=\"1ecea097\" data-element_type=\"column\" data-e-type=\"column\">\n\t\t\t<div class=\"elementor-widget-wrap elementor-element-populated\">\n\t\t\t\t\t\t<div class=\"elementor-element elementor-element-25aceaec elementor-widget elementor-widget-wd_infobox\" data-id=\"25aceaec\" data-element_type=\"widget\" data-e-type=\"widget\" data-widget_type=\"wd_infobox.default\">\n\t\t\t\t<div class=\"elementor-widget-container\">\n\t\t\t\t\t\t\t<div class=\"info-box-wrapper\">\n\t\t\t<div class=\"wd-info-box text-left box-icon-align-left box-style-base color-scheme- wd-items-top\">\n\t\t\t\t\t\t\t\t\t<div class=\"box-icon-wrapper  box-with-text text-size-large box-icon-simple\">\n\t\t\t\t\t\t<div class=\"info-box-icon\">\n\t\t\t\t\t\t\t\t\t\t\t\t\t\t\t02.\t\t\t\t\t\t\t\t\t\t\t\t\t<\/div>\n\t\t\t\t\t<\/div>\n\t\t\t\t\n\t\t\t\t<div class=\"info-box-content\">\n\t\t\t\t\t\n\t\t\t\t\t\t\t\t\t\t\t<h4\t\t\t\t\t\tclass=\"info-box-title title box-title-style-default wd-fontsize-m\" data-elementor-setting-key=\"title\">\n\t\t\t\t\t\t\t\t<strong>Stabil keyfiyy\u0259t<br \/>\n<\/strong>\t\t\t\t\t\t<\/h4>\n\t\t\t\t\t\n\t\t\t\t\t<div class=\"info-box-inner reset-last-child\"data-elementor-setting-key=\"content\"><p data-start=\"1056\" data-end=\"1121\">Uy\u011fun materiallar v\u0259 standart \u00f6l\u00e7\u00fcl\u0259r.<\/p>\n<\/div>\n\n\t\t\t\t\t\t\t\t\t<\/div>\n\n\t\t\t\t\t\t\t<\/div>\n\t\t<\/div>\n\t\t\t\t\t\t<\/div>\n\t\t\t\t<\/div>\n\t\t\t\t\t<\/div>\n\t\t<\/div>\n\t\t\t\t<div class=\"elementor-column elementor-col-33 elementor-top-column elementor-element elementor-element-67e760b4\" data-id=\"67e760b4\" data-element_type=\"column\" data-e-type=\"column\">\n\t\t\t<div class=\"elementor-widget-wrap elementor-element-populated\">\n\t\t\t\t\t\t<div class=\"elementor-element elementor-element-28ce447a elementor-widget elementor-widget-wd_infobox\" data-id=\"28ce447a\" data-element_type=\"widget\" data-e-type=\"widget\" data-widget_type=\"wd_infobox.default\">\n\t\t\t\t<div class=\"elementor-widget-container\">\n\t\t\t\t\t\t\t<div class=\"info-box-wrapper\">\n\t\t\t<div class=\"wd-info-box text-left box-icon-align-left box-style-base color-scheme- wd-items-top\">\n\t\t\t\t\t\t\t\t\t<div class=\"box-icon-wrapper  box-with-text text-size-large box-icon-simple\">\n\t\t\t\t\t\t<div class=\"info-box-icon\">\n\t\t\t\t\t\t\t\t\t\t\t\t\t\t\t03.\t\t\t\t\t\t\t\t\t\t\t\t\t<\/div>\n\t\t\t\t\t<\/div>\n\t\t\t\t\n\t\t\t\t<div class=\"info-box-content\">\n\t\t\t\t\t\n\t\t\t\t\t\t\t\t\t\t\t<h4\t\t\t\t\t\tclass=\"info-box-title title box-title-style-default wd-fontsize-m\" data-elementor-setting-key=\"title\">\n\t\t\t\t\t\t\t\t<strong>Operativ t\u0259chizat<\/strong>\t\t\t\t\t\t<\/h4>\n\t\t\t\t\t\n\t\t\t\t\t<div class=\"info-box-inner reset-last-child\"data-elementor-setting-key=\"content\"><p>T\u0259cr\u00fcb\u0259li m\u00fct\u0259x\u0259ssis t\u0259r\u0259find\u0259n icra edilir.<\/p>\n<\/div>\n\n\t\t\t\t\t\t\t\t\t<\/div>\n\n\t\t\t\t\t\t\t<\/div>\n\t\t<\/div>\n\t\t\t\t\t\t<\/div>\n\t\t\t\t<\/div>\n\t\t\t\t\t<\/div>\n\t\t<\/div>\n\t\t\t\t\t<\/div>\n\t\t<\/section>\n\t\t\t\t<\/div>","protected":false},"excerpt":{"rendered":"<p>M\u00fcxt\u0259lif n\u00f6v ofis, etiket v\u0259 ofis l\u0259vazimatlar\u0131 t\u0259klif ediirk. CEKAZ MMC olaraq m\u00fcxt\u0259lif n\u00f6v ticar\u0259t, logistika v\u0259 xidm\u0259t sah\u0259l\u0259ri \u00fc\u00e7\u00fcn<\/p>","protected":false},"author":1,"featured_media":0,"parent":0,"menu_order":0,"comment_status":"closed","ping_status":"closed","template":"","meta":{"footnotes":""},"class_list":["post-16871","page","type-page","status-publish","hentry"],"_links":{"self":[{"href":"https:\/\/cek.az\/en\/wp-json\/wp\/v2\/pages\/16871","targetHints":{"allow":["GET"]}}],"collection":[{"href":"https:\/\/cek.az\/en\/wp-json\/wp\/v2\/pages"}],"about":[{"href":"https:\/\/cek.az\/en\/wp-json\/wp\/v2\/types\/page"}],"author":[{"embeddable":true,"href":"https:\/\/cek.az\/en\/wp-json\/wp\/v2\/users\/1"}],"replies":[{"embeddable":true,"href":"https:\/\/cek.az\/en\/wp-json\/wp\/v2\/comments?post=16871"}],"version-history":[{"count":2,"href":"https:\/\/cek.az\/en\/wp-json\/wp\/v2\/pages\/16871\/revisions"}],"predecessor-version":[{"id":16875,"href":"https:\/\/cek.az\/en\/wp-json\/wp\/v2\/pages\/16871\/revisions\/16875"}],"wp:attachment":[{"href":"https:\/\/cek.az\/en\/wp-json\/wp\/v2\/media?parent=16871"}],"curies":[{"name":"wp","href":"https:\/\/api.w.org\/{rel}","templated":true}]}}