{"id":15940,"date":"2025-11-28T23:04:46","date_gmt":"2025-11-28T23:04:46","guid":{"rendered":"https:\/\/whitesmoke-cat-974485.hostingersite.com\/?post_type=product&#038;p=15940"},"modified":"2026-01-22T11:01:43","modified_gmt":"2026-01-22T11:01:43","slug":"kassa-ceki-57mm","status":"publish","type":"product","link":"https:\/\/cek.az\/en\/product\/kassa-ceki-57mm\/","title":{"rendered":"Kassa \u00e7eki"},"content":{"rendered":"","protected":false},"excerpt":{"rendered":"<p>Termal POS \u00fc\u00e7\u00fcn kassa \u00e7eki<\/p>","protected":false},"featured_media":16613,"template":"","meta":[],"product_brand":[],"product_cat":[155],"product_tag":[],"class_list":{"0":"post-15940","1":"product","2":"type-product","3":"status-publish","4":"has-post-thumbnail","6":"product_cat-kass-printer-cekleri","8":"first","9":"instock","10":"virtual","11":"product-type-simple"},"_links":{"self":[{"href":"https:\/\/cek.az\/en\/wp-json\/wp\/v2\/product\/15940","targetHints":{"allow":["GET"]}}],"collection":[{"href":"https:\/\/cek.az\/en\/wp-json\/wp\/v2\/product"}],"about":[{"href":"https:\/\/cek.az\/en\/wp-json\/wp\/v2\/types\/product"}],"version-history":[{"count":8,"href":"https:\/\/cek.az\/en\/wp-json\/wp\/v2\/product\/15940\/revisions"}],"predecessor-version":[{"id":16514,"href":"https:\/\/cek.az\/en\/wp-json\/wp\/v2\/product\/15940\/revisions\/16514"}],"wp:featuredmedia":[{"embeddable":true,"href":"https:\/\/cek.az\/en\/wp-json\/wp\/v2\/media\/16613"}],"wp:attachment":[{"href":"https:\/\/cek.az\/en\/wp-json\/wp\/v2\/media?parent=15940"}],"wp:term":[{"taxonomy":"product_brand","embeddable":true,"href":"https:\/\/cek.az\/en\/wp-json\/wp\/v2\/product_brand?post=15940"},{"taxonomy":"product_cat","embeddable":true,"href":"https:\/\/cek.az\/en\/wp-json\/wp\/v2\/product_cat?post=15940"},{"taxonomy":"product_tag","embeddable":true,"href":"https:\/\/cek.az\/en\/wp-json\/wp\/v2\/product_tag?post=15940"}],"curies":[{"name":"wp","href":"https:\/\/api.w.org\/{rel}","templated":true}]}}