{"id":16515,"date":"2025-12-23T23:02:43","date_gmt":"2025-12-23T23:02:43","guid":{"rendered":"https:\/\/whitesmoke-cat-974485.hostingersite.com\/?post_type=product&#038;p=16515"},"modified":"2026-01-22T14:04:23","modified_gmt":"2026-01-22T14:04:23","slug":"printer-ceki","status":"publish","type":"product","link":"https:\/\/cek.az\/en\/product\/printer-ceki\/","title":{"rendered":"Printer \u00e7eki"},"content":{"rendered":"","protected":false},"excerpt":{"rendered":"<p>POS printer \u00fc\u00e7\u00fcn termal \u00e7ek<\/p>","protected":false},"featured_media":16614,"template":"","meta":[],"product_brand":[],"product_cat":[155],"product_tag":[],"class_list":{"0":"post-16515","1":"product","2":"type-product","3":"status-publish","4":"has-post-thumbnail","6":"product_cat-kass-printer-cekleri","8":"first","9":"outofstock","10":"shipping-taxable","11":"product-type-variable"},"_links":{"self":[{"href":"https:\/\/cek.az\/en\/wp-json\/wp\/v2\/product\/16515","targetHints":{"allow":["GET"]}}],"collection":[{"href":"https:\/\/cek.az\/en\/wp-json\/wp\/v2\/product"}],"about":[{"href":"https:\/\/cek.az\/en\/wp-json\/wp\/v2\/types\/product"}],"version-history":[{"count":1,"href":"https:\/\/cek.az\/en\/wp-json\/wp\/v2\/product\/16515\/revisions"}],"predecessor-version":[{"id":16516,"href":"https:\/\/cek.az\/en\/wp-json\/wp\/v2\/product\/16515\/revisions\/16516"}],"wp:featuredmedia":[{"embeddable":true,"href":"https:\/\/cek.az\/en\/wp-json\/wp\/v2\/media\/16614"}],"wp:attachment":[{"href":"https:\/\/cek.az\/en\/wp-json\/wp\/v2\/media?parent=16515"}],"wp:term":[{"taxonomy":"product_brand","embeddable":true,"href":"https:\/\/cek.az\/en\/wp-json\/wp\/v2\/product_brand?post=16515"},{"taxonomy":"product_cat","embeddable":true,"href":"https:\/\/cek.az\/en\/wp-json\/wp\/v2\/product_cat?post=16515"},{"taxonomy":"product_tag","embeddable":true,"href":"https:\/\/cek.az\/en\/wp-json\/wp\/v2\/product_tag?post=16515"}],"curies":[{"name":"wp","href":"https:\/\/api.w.org\/{rel}","templated":true}]}}