{"id":16701,"date":"2026-01-21T07:32:33","date_gmt":"2026-01-21T07:32:33","guid":{"rendered":"https:\/\/cek.az\/product\/terminal-ceki\/"},"modified":"2026-01-22T14:07:47","modified_gmt":"2026-01-22T14:07:47","slug":"terminal-ceki","status":"publish","type":"product","link":"https:\/\/cek.az\/en\/product\/terminal-ceki\/","title":{"rendered":"Terminal \u00e7eki"},"content":{"rendered":"","protected":false},"excerpt":{"rendered":"<p>\u00d6d\u0259ni\u015f terminal\u0131 \u00fc\u00e7\u00fcn termal \u00e7ek<\/p>","protected":false},"featured_media":16613,"template":"","meta":[],"product_brand":[],"product_cat":[155],"product_tag":[],"class_list":{"0":"post-16701","1":"product","2":"type-product","3":"status-publish","4":"has-post-thumbnail","6":"product_cat-kass-printer-cekleri","8":"first","9":"instock","10":"virtual","11":"product-type-simple"},"_links":{"self":[{"href":"https:\/\/cek.az\/en\/wp-json\/wp\/v2\/product\/16701","targetHints":{"allow":["GET"]}}],"collection":[{"href":"https:\/\/cek.az\/en\/wp-json\/wp\/v2\/product"}],"about":[{"href":"https:\/\/cek.az\/en\/wp-json\/wp\/v2\/types\/product"}],"version-history":[{"count":1,"href":"https:\/\/cek.az\/en\/wp-json\/wp\/v2\/product\/16701\/revisions"}],"predecessor-version":[{"id":16824,"href":"https:\/\/cek.az\/en\/wp-json\/wp\/v2\/product\/16701\/revisions\/16824"}],"wp:featuredmedia":[{"embeddable":true,"href":"https:\/\/cek.az\/en\/wp-json\/wp\/v2\/media\/16613"}],"wp:attachment":[{"href":"https:\/\/cek.az\/en\/wp-json\/wp\/v2\/media?parent=16701"}],"wp:term":[{"taxonomy":"product_brand","embeddable":true,"href":"https:\/\/cek.az\/en\/wp-json\/wp\/v2\/product_brand?post=16701"},{"taxonomy":"product_cat","embeddable":true,"href":"https:\/\/cek.az\/en\/wp-json\/wp\/v2\/product_cat?post=16701"},{"taxonomy":"product_tag","embeddable":true,"href":"https:\/\/cek.az\/en\/wp-json\/wp\/v2\/product_tag?post=16701"}],"curies":[{"name":"wp","href":"https:\/\/api.w.org\/{rel}","templated":true}]}}