{"id":16702,"date":"2026-01-21T07:32:33","date_gmt":"2026-01-21T07:32:33","guid":{"rendered":"https:\/\/cek.az\/product\/ofset-kassa-ceki\/"},"modified":"2026-01-22T14:09:22","modified_gmt":"2026-01-22T14:09:22","slug":"ofset-kassa-ceki","status":"publish","type":"product","link":"https:\/\/cek.az\/en\/product\/ofset-kassa-ceki\/","title":{"rendered":"Ofset kassa \u00e7eki"},"content":{"rendered":"","protected":false},"excerpt":{"rendered":"<p>Karbonlu \u00e7oxn\u00fcsx\u0259li kassa \u00e7eki<\/p>","protected":false},"featured_media":16613,"template":"","meta":[],"product_brand":[],"product_cat":[155],"product_tag":[],"class_list":{"0":"post-16702","1":"product","2":"type-product","3":"status-publish","4":"has-post-thumbnail","6":"product_cat-kass-printer-cekleri","8":"first","9":"instock","10":"virtual","11":"product-type-simple"},"_links":{"self":[{"href":"https:\/\/cek.az\/en\/wp-json\/wp\/v2\/product\/16702","targetHints":{"allow":["GET"]}}],"collection":[{"href":"https:\/\/cek.az\/en\/wp-json\/wp\/v2\/product"}],"about":[{"href":"https:\/\/cek.az\/en\/wp-json\/wp\/v2\/types\/product"}],"version-history":[{"count":1,"href":"https:\/\/cek.az\/en\/wp-json\/wp\/v2\/product\/16702\/revisions"}],"predecessor-version":[{"id":16825,"href":"https:\/\/cek.az\/en\/wp-json\/wp\/v2\/product\/16702\/revisions\/16825"}],"wp:featuredmedia":[{"embeddable":true,"href":"https:\/\/cek.az\/en\/wp-json\/wp\/v2\/media\/16613"}],"wp:attachment":[{"href":"https:\/\/cek.az\/en\/wp-json\/wp\/v2\/media?parent=16702"}],"wp:term":[{"taxonomy":"product_brand","embeddable":true,"href":"https:\/\/cek.az\/en\/wp-json\/wp\/v2\/product_brand?post=16702"},{"taxonomy":"product_cat","embeddable":true,"href":"https:\/\/cek.az\/en\/wp-json\/wp\/v2\/product_cat?post=16702"},{"taxonomy":"product_tag","embeddable":true,"href":"https:\/\/cek.az\/en\/wp-json\/wp\/v2\/product_tag?post=16702"}],"curies":[{"name":"wp","href":"https:\/\/api.w.org\/{rel}","templated":true}]}}