{"id":16704,"date":"2026-01-21T07:32:33","date_gmt":"2026-01-21T07:32:33","guid":{"rendered":"https:\/\/cek.az\/product\/plotter-kagizi\/"},"modified":"2026-01-25T19:40:42","modified_gmt":"2026-01-25T19:40:42","slug":"plotter-kagizi","status":"publish","type":"product","link":"https:\/\/cek.az\/en\/product\/plotter-kagizi\/","title":{"rendered":"Plotter ka\u011f\u0131z\u0131"},"content":{"rendered":"","protected":false},"excerpt":{"rendered":"<p>B\u00f6y\u00fck format plotter ka\u011f\u0131z\u0131<\/p>","protected":false},"featured_media":16613,"template":"","meta":[],"product_brand":[],"product_cat":[156],"product_tag":[],"class_list":{"0":"post-16704","1":"product","2":"type-product","3":"status-publish","4":"has-post-thumbnail","6":"product_cat-ofis-kagizlari","8":"first","9":"instock","10":"virtual","11":"product-type-simple"},"_links":{"self":[{"href":"https:\/\/cek.az\/en\/wp-json\/wp\/v2\/product\/16704","targetHints":{"allow":["GET"]}}],"collection":[{"href":"https:\/\/cek.az\/en\/wp-json\/wp\/v2\/product"}],"about":[{"href":"https:\/\/cek.az\/en\/wp-json\/wp\/v2\/types\/product"}],"version-history":[{"count":1,"href":"https:\/\/cek.az\/en\/wp-json\/wp\/v2\/product\/16704\/revisions"}],"predecessor-version":[{"id":16850,"href":"https:\/\/cek.az\/en\/wp-json\/wp\/v2\/product\/16704\/revisions\/16850"}],"wp:featuredmedia":[{"embeddable":true,"href":"https:\/\/cek.az\/en\/wp-json\/wp\/v2\/media\/16613"}],"wp:attachment":[{"href":"https:\/\/cek.az\/en\/wp-json\/wp\/v2\/media?parent=16704"}],"wp:term":[{"taxonomy":"product_brand","embeddable":true,"href":"https:\/\/cek.az\/en\/wp-json\/wp\/v2\/product_brand?post=16704"},{"taxonomy":"product_cat","embeddable":true,"href":"https:\/\/cek.az\/en\/wp-json\/wp\/v2\/product_cat?post=16704"},{"taxonomy":"product_tag","embeddable":true,"href":"https:\/\/cek.az\/en\/wp-json\/wp\/v2\/product_tag?post=16704"}],"curies":[{"name":"wp","href":"https:\/\/api.w.org\/{rel}","templated":true}]}}