{"id":16705,"date":"2026-01-21T07:32:33","date_gmt":"2026-01-21T07:32:33","guid":{"rendered":"https:\/\/cek.az\/product\/sony-uzi-kagizi\/"},"modified":"2026-01-22T14:21:42","modified_gmt":"2026-01-22T14:21:42","slug":"sony-uzi-kagizi","status":"publish","type":"product","link":"https:\/\/cek.az\/en\/product\/sony-uzi-kagizi\/","title":{"rendered":"Sony Uzi ka\u011f\u0131z\u0131"},"content":{"rendered":"","protected":false},"excerpt":{"rendered":"<p>Tibbi printer \u00fc\u00e7\u00fcn termal ka\u011f\u0131z<\/p>","protected":false},"featured_media":16613,"template":"","meta":[],"product_brand":[],"product_cat":[155],"product_tag":[],"class_list":{"0":"post-16705","1":"product","2":"type-product","3":"status-publish","4":"has-post-thumbnail","6":"product_cat-kass-printer-cekleri","8":"first","9":"instock","10":"virtual","11":"product-type-simple"},"_links":{"self":[{"href":"https:\/\/cek.az\/en\/wp-json\/wp\/v2\/product\/16705","targetHints":{"allow":["GET"]}}],"collection":[{"href":"https:\/\/cek.az\/en\/wp-json\/wp\/v2\/product"}],"about":[{"href":"https:\/\/cek.az\/en\/wp-json\/wp\/v2\/types\/product"}],"version-history":[{"count":1,"href":"https:\/\/cek.az\/en\/wp-json\/wp\/v2\/product\/16705\/revisions"}],"predecessor-version":[{"id":16828,"href":"https:\/\/cek.az\/en\/wp-json\/wp\/v2\/product\/16705\/revisions\/16828"}],"wp:featuredmedia":[{"embeddable":true,"href":"https:\/\/cek.az\/en\/wp-json\/wp\/v2\/media\/16613"}],"wp:attachment":[{"href":"https:\/\/cek.az\/en\/wp-json\/wp\/v2\/media?parent=16705"}],"wp:term":[{"taxonomy":"product_brand","embeddable":true,"href":"https:\/\/cek.az\/en\/wp-json\/wp\/v2\/product_brand?post=16705"},{"taxonomy":"product_cat","embeddable":true,"href":"https:\/\/cek.az\/en\/wp-json\/wp\/v2\/product_cat?post=16705"},{"taxonomy":"product_tag","embeddable":true,"href":"https:\/\/cek.az\/en\/wp-json\/wp\/v2\/product_tag?post=16705"}],"curies":[{"name":"wp","href":"https:\/\/api.w.org\/{rel}","templated":true}]}}