{"id":16706,"date":"2026-01-21T07:32:34","date_gmt":"2026-01-21T07:32:34","guid":{"rendered":"https:\/\/cek.az\/product\/uzuk-eyn%c9%99k-barkodu\/"},"modified":"2026-01-22T14:47:34","modified_gmt":"2026-01-22T14:47:34","slug":"uzuk-eyn%c9%99k-barkodu","status":"publish","type":"product","link":"https:\/\/cek.az\/en\/product\/uzuk-eyn%c9%99k-barkodu\/","title":{"rendered":"\u00dcz\u00fck \/ eyn\u0259k barkodu"},"content":{"rendered":"","protected":false},"excerpt":{"rendered":"<p>Aksesuar \u00fc\u00e7\u00fcn barkod etiketi<\/p>","protected":false},"featured_media":16613,"template":"","meta":[],"product_brand":[],"product_cat":[191],"product_tag":[],"class_list":{"0":"post-16706","1":"product","2":"type-product","3":"status-publish","4":"has-post-thumbnail","6":"product_cat-ozuyapisan-etiketlr","8":"first","9":"instock","10":"virtual","11":"product-type-simple"},"_links":{"self":[{"href":"https:\/\/cek.az\/en\/wp-json\/wp\/v2\/product\/16706","targetHints":{"allow":["GET"]}}],"collection":[{"href":"https:\/\/cek.az\/en\/wp-json\/wp\/v2\/product"}],"about":[{"href":"https:\/\/cek.az\/en\/wp-json\/wp\/v2\/types\/product"}],"version-history":[{"count":1,"href":"https:\/\/cek.az\/en\/wp-json\/wp\/v2\/product\/16706\/revisions"}],"predecessor-version":[{"id":16830,"href":"https:\/\/cek.az\/en\/wp-json\/wp\/v2\/product\/16706\/revisions\/16830"}],"wp:featuredmedia":[{"embeddable":true,"href":"https:\/\/cek.az\/en\/wp-json\/wp\/v2\/media\/16613"}],"wp:attachment":[{"href":"https:\/\/cek.az\/en\/wp-json\/wp\/v2\/media?parent=16706"}],"wp:term":[{"taxonomy":"product_brand","embeddable":true,"href":"https:\/\/cek.az\/en\/wp-json\/wp\/v2\/product_brand?post=16706"},{"taxonomy":"product_cat","embeddable":true,"href":"https:\/\/cek.az\/en\/wp-json\/wp\/v2\/product_cat?post=16706"},{"taxonomy":"product_tag","embeddable":true,"href":"https:\/\/cek.az\/en\/wp-json\/wp\/v2\/product_tag?post=16706"}],"curies":[{"name":"wp","href":"https:\/\/api.w.org\/{rel}","templated":true}]}}