{"id":16707,"date":"2026-01-21T07:32:34","date_gmt":"2026-01-21T07:32:34","guid":{"rendered":"https:\/\/cek.az\/product\/ozuyapisan-barkod-etiketi\/"},"modified":"2026-01-22T14:46:21","modified_gmt":"2026-01-22T14:46:21","slug":"ozuyapisan-barkod-etiketi","status":"publish","type":"product","link":"https:\/\/cek.az\/en\/product\/ozuyapisan-barkod-etiketi\/","title":{"rendered":"\u00d6z\u00fcyap\u0131\u015fan barkod etiketi"},"content":{"rendered":"","protected":false},"excerpt":{"rendered":"<p>M\u0259hsullar \u00fc\u00e7\u00fcn barkod etiketi<\/p>","protected":false},"featured_media":16613,"template":"","meta":[],"product_brand":[],"product_cat":[191],"product_tag":[],"class_list":{"0":"post-16707","1":"product","2":"type-product","3":"status-publish","4":"has-post-thumbnail","6":"product_cat-ozuyapisan-etiketlr","8":"first","9":"instock","10":"virtual","11":"product-type-simple"},"_links":{"self":[{"href":"https:\/\/cek.az\/en\/wp-json\/wp\/v2\/product\/16707","targetHints":{"allow":["GET"]}}],"collection":[{"href":"https:\/\/cek.az\/en\/wp-json\/wp\/v2\/product"}],"about":[{"href":"https:\/\/cek.az\/en\/wp-json\/wp\/v2\/types\/product"}],"version-history":[{"count":1,"href":"https:\/\/cek.az\/en\/wp-json\/wp\/v2\/product\/16707\/revisions"}],"predecessor-version":[{"id":16829,"href":"https:\/\/cek.az\/en\/wp-json\/wp\/v2\/product\/16707\/revisions\/16829"}],"wp:featuredmedia":[{"embeddable":true,"href":"https:\/\/cek.az\/en\/wp-json\/wp\/v2\/media\/16613"}],"wp:attachment":[{"href":"https:\/\/cek.az\/en\/wp-json\/wp\/v2\/media?parent=16707"}],"wp:term":[{"taxonomy":"product_brand","embeddable":true,"href":"https:\/\/cek.az\/en\/wp-json\/wp\/v2\/product_brand?post=16707"},{"taxonomy":"product_cat","embeddable":true,"href":"https:\/\/cek.az\/en\/wp-json\/wp\/v2\/product_cat?post=16707"},{"taxonomy":"product_tag","embeddable":true,"href":"https:\/\/cek.az\/en\/wp-json\/wp\/v2\/product_tag?post=16707"}],"curies":[{"name":"wp","href":"https:\/\/api.w.org\/{rel}","templated":true}]}}