{"id":16708,"date":"2026-01-21T07:32:34","date_gmt":"2026-01-21T07:32:34","guid":{"rendered":"https:\/\/cek.az\/product\/r%c9%99f-etiketi\/"},"modified":"2026-01-25T19:24:59","modified_gmt":"2026-01-25T19:24:59","slug":"r%c9%99f-etiketi","status":"publish","type":"product","link":"https:\/\/cek.az\/en\/product\/r%c9%99f-etiketi\/","title":{"rendered":"R\u0259f etiketi"},"content":{"rendered":"","protected":false},"excerpt":{"rendered":"<p>Market \u00fc\u00e7\u00fcn qiym\u0259t etiketi<\/p>","protected":false},"featured_media":16613,"template":"","meta":[],"product_brand":[],"product_cat":[182],"product_tag":[],"class_list":{"0":"post-16708","1":"product","2":"type-product","3":"status-publish","4":"has-post-thumbnail","6":"product_cat-rf-etiketlri","8":"first","9":"instock","10":"virtual","11":"product-type-simple"},"_links":{"self":[{"href":"https:\/\/cek.az\/en\/wp-json\/wp\/v2\/product\/16708","targetHints":{"allow":["GET"]}}],"collection":[{"href":"https:\/\/cek.az\/en\/wp-json\/wp\/v2\/product"}],"about":[{"href":"https:\/\/cek.az\/en\/wp-json\/wp\/v2\/types\/product"}],"version-history":[{"count":1,"href":"https:\/\/cek.az\/en\/wp-json\/wp\/v2\/product\/16708\/revisions"}],"predecessor-version":[{"id":16832,"href":"https:\/\/cek.az\/en\/wp-json\/wp\/v2\/product\/16708\/revisions\/16832"}],"wp:featuredmedia":[{"embeddable":true,"href":"https:\/\/cek.az\/en\/wp-json\/wp\/v2\/media\/16613"}],"wp:attachment":[{"href":"https:\/\/cek.az\/en\/wp-json\/wp\/v2\/media?parent=16708"}],"wp:term":[{"taxonomy":"product_brand","embeddable":true,"href":"https:\/\/cek.az\/en\/wp-json\/wp\/v2\/product_brand?post=16708"},{"taxonomy":"product_cat","embeddable":true,"href":"https:\/\/cek.az\/en\/wp-json\/wp\/v2\/product_cat?post=16708"},{"taxonomy":"product_tag","embeddable":true,"href":"https:\/\/cek.az\/en\/wp-json\/wp\/v2\/product_tag?post=16708"}],"curies":[{"name":"wp","href":"https:\/\/api.w.org\/{rel}","templated":true}]}}