{"id":16716,"date":"2026-01-21T07:32:35","date_gmt":"2026-01-21T07:32:35","guid":{"rendered":"https:\/\/cek.az\/product\/touch-screen-monitor\/"},"modified":"2026-01-25T19:31:15","modified_gmt":"2026-01-25T19:31:15","slug":"touch-screen-monitor","status":"publish","type":"product","link":"https:\/\/cek.az\/en\/product\/touch-screen-monitor\/","title":{"rendered":"Touch screen monitor"},"content":{"rendered":"","protected":false},"excerpt":{"rendered":"<p>POS \u00fc\u00e7\u00fcn sensor ekran<\/p>","protected":false},"featured_media":16613,"template":"","meta":[],"product_brand":[],"product_cat":[159],"product_tag":[],"class_list":{"0":"post-16716","1":"product","2":"type-product","3":"status-publish","4":"has-post-thumbnail","6":"product_cat-avadanliq","8":"first","9":"instock","10":"virtual","11":"product-type-simple"},"_links":{"self":[{"href":"https:\/\/cek.az\/en\/wp-json\/wp\/v2\/product\/16716","targetHints":{"allow":["GET"]}}],"collection":[{"href":"https:\/\/cek.az\/en\/wp-json\/wp\/v2\/product"}],"about":[{"href":"https:\/\/cek.az\/en\/wp-json\/wp\/v2\/types\/product"}],"version-history":[{"count":1,"href":"https:\/\/cek.az\/en\/wp-json\/wp\/v2\/product\/16716\/revisions"}],"predecessor-version":[{"id":16841,"href":"https:\/\/cek.az\/en\/wp-json\/wp\/v2\/product\/16716\/revisions\/16841"}],"wp:featuredmedia":[{"embeddable":true,"href":"https:\/\/cek.az\/en\/wp-json\/wp\/v2\/media\/16613"}],"wp:attachment":[{"href":"https:\/\/cek.az\/en\/wp-json\/wp\/v2\/media?parent=16716"}],"wp:term":[{"taxonomy":"product_brand","embeddable":true,"href":"https:\/\/cek.az\/en\/wp-json\/wp\/v2\/product_brand?post=16716"},{"taxonomy":"product_cat","embeddable":true,"href":"https:\/\/cek.az\/en\/wp-json\/wp\/v2\/product_cat?post=16716"},{"taxonomy":"product_tag","embeddable":true,"href":"https:\/\/cek.az\/en\/wp-json\/wp\/v2\/product_tag?post=16716"}],"curies":[{"name":"wp","href":"https:\/\/api.w.org\/{rel}","templated":true}]}}