{"id":16721,"date":"2026-01-21T07:32:36","date_gmt":"2026-01-21T07:32:36","guid":{"rendered":"https:\/\/cek.az\/product\/siqnalizasiya-anteni\/"},"modified":"2026-01-25T19:34:38","modified_gmt":"2026-01-25T19:34:38","slug":"siqnalizasiya-anteni","status":"publish","type":"product","link":"https:\/\/cek.az\/en\/product\/siqnalizasiya-anteni\/","title":{"rendered":"Siqnalizasiya anteni"},"content":{"rendered":"","protected":false},"excerpt":{"rendered":"<p>Ma\u011faza \u00e7\u0131x\u0131\u015f n\u0259zar\u0259ti<\/p>","protected":false},"featured_media":16613,"template":"","meta":[],"product_brand":[],"product_cat":[160],"product_tag":[],"class_list":{"0":"post-16721","1":"product","2":"type-product","3":"status-publish","4":"has-post-thumbnail","6":"product_cat-siqnalizasiya","8":"first","9":"instock","10":"virtual","11":"product-type-simple"},"_links":{"self":[{"href":"https:\/\/cek.az\/en\/wp-json\/wp\/v2\/product\/16721","targetHints":{"allow":["GET"]}}],"collection":[{"href":"https:\/\/cek.az\/en\/wp-json\/wp\/v2\/product"}],"about":[{"href":"https:\/\/cek.az\/en\/wp-json\/wp\/v2\/types\/product"}],"version-history":[{"count":1,"href":"https:\/\/cek.az\/en\/wp-json\/wp\/v2\/product\/16721\/revisions"}],"predecessor-version":[{"id":16847,"href":"https:\/\/cek.az\/en\/wp-json\/wp\/v2\/product\/16721\/revisions\/16847"}],"wp:featuredmedia":[{"embeddable":true,"href":"https:\/\/cek.az\/en\/wp-json\/wp\/v2\/media\/16613"}],"wp:attachment":[{"href":"https:\/\/cek.az\/en\/wp-json\/wp\/v2\/media?parent=16721"}],"wp:term":[{"taxonomy":"product_brand","embeddable":true,"href":"https:\/\/cek.az\/en\/wp-json\/wp\/v2\/product_brand?post=16721"},{"taxonomy":"product_cat","embeddable":true,"href":"https:\/\/cek.az\/en\/wp-json\/wp\/v2\/product_cat?post=16721"},{"taxonomy":"product_tag","embeddable":true,"href":"https:\/\/cek.az\/en\/wp-json\/wp\/v2\/product_tag?post=16721"}],"curies":[{"name":"wp","href":"https:\/\/api.w.org\/{rel}","templated":true}]}}