{"id":16726,"date":"2026-01-21T07:32:39","date_gmt":"2026-01-21T07:32:39","guid":{"rendered":"https:\/\/cek.az\/product\/stretch-film-qida\/"},"modified":"2026-01-25T19:37:05","modified_gmt":"2026-01-25T19:37:05","slug":"stretch-film-qida","status":"publish","type":"product","link":"https:\/\/cek.az\/en\/product\/stretch-film-qida\/","title":{"rendered":"Stretch film qida"},"content":{"rendered":"","protected":false},"excerpt":{"rendered":"<p>Qida \u00fc\u00e7\u00fcn qoruyucu film<\/p>","protected":false},"featured_media":16613,"template":"","meta":[],"product_brand":[],"product_cat":[161],"product_tag":[],"class_list":{"0":"post-16726","1":"product","2":"type-product","3":"status-publish","4":"has-post-thumbnail","6":"product_cat-qablasdirma","8":"first","9":"instock","10":"virtual","11":"product-type-simple"},"_links":{"self":[{"href":"https:\/\/cek.az\/en\/wp-json\/wp\/v2\/product\/16726","targetHints":{"allow":["GET"]}}],"collection":[{"href":"https:\/\/cek.az\/en\/wp-json\/wp\/v2\/product"}],"about":[{"href":"https:\/\/cek.az\/en\/wp-json\/wp\/v2\/types\/product"}],"version-history":[{"count":1,"href":"https:\/\/cek.az\/en\/wp-json\/wp\/v2\/product\/16726\/revisions"}],"predecessor-version":[{"id":16789,"href":"https:\/\/cek.az\/en\/wp-json\/wp\/v2\/product\/16726\/revisions\/16789"}],"wp:featuredmedia":[{"embeddable":true,"href":"https:\/\/cek.az\/en\/wp-json\/wp\/v2\/media\/16613"}],"wp:attachment":[{"href":"https:\/\/cek.az\/en\/wp-json\/wp\/v2\/media?parent=16726"}],"wp:term":[{"taxonomy":"product_brand","embeddable":true,"href":"https:\/\/cek.az\/en\/wp-json\/wp\/v2\/product_brand?post=16726"},{"taxonomy":"product_cat","embeddable":true,"href":"https:\/\/cek.az\/en\/wp-json\/wp\/v2\/product_cat?post=16726"},{"taxonomy":"product_tag","embeddable":true,"href":"https:\/\/cek.az\/en\/wp-json\/wp\/v2\/product_tag?post=16726"}],"curies":[{"name":"wp","href":"https:\/\/api.w.org\/{rel}","templated":true}]}}