{"id":16727,"date":"2026-01-21T07:32:39","date_gmt":"2026-01-21T07:32:39","guid":{"rendered":"https:\/\/cek.az\/product\/stretch-film-qeyri-qida\/"},"modified":"2026-01-25T19:37:14","modified_gmt":"2026-01-25T19:37:14","slug":"stretch-film-qeyri-qida","status":"publish","type":"product","link":"https:\/\/cek.az\/en\/product\/stretch-film-qeyri-qida\/","title":{"rendered":"Stretch film qeyri-qida"},"content":{"rendered":"","protected":false},"excerpt":{"rendered":"<p>\u00dcmumi qabla\u015fd\u0131rma \u00fc\u00e7\u00fcn film<\/p>","protected":false},"featured_media":16613,"template":"","meta":[],"product_brand":[],"product_cat":[161],"product_tag":[],"class_list":{"0":"post-16727","1":"product","2":"type-product","3":"status-publish","4":"has-post-thumbnail","6":"product_cat-qablasdirma","8":"first","9":"instock","10":"virtual","11":"product-type-simple"},"_links":{"self":[{"href":"https:\/\/cek.az\/en\/wp-json\/wp\/v2\/product\/16727","targetHints":{"allow":["GET"]}}],"collection":[{"href":"https:\/\/cek.az\/en\/wp-json\/wp\/v2\/product"}],"about":[{"href":"https:\/\/cek.az\/en\/wp-json\/wp\/v2\/types\/product"}],"version-history":[{"count":1,"href":"https:\/\/cek.az\/en\/wp-json\/wp\/v2\/product\/16727\/revisions"}],"predecessor-version":[{"id":16790,"href":"https:\/\/cek.az\/en\/wp-json\/wp\/v2\/product\/16727\/revisions\/16790"}],"wp:featuredmedia":[{"embeddable":true,"href":"https:\/\/cek.az\/en\/wp-json\/wp\/v2\/media\/16613"}],"wp:attachment":[{"href":"https:\/\/cek.az\/en\/wp-json\/wp\/v2\/media?parent=16727"}],"wp:term":[{"taxonomy":"product_brand","embeddable":true,"href":"https:\/\/cek.az\/en\/wp-json\/wp\/v2\/product_brand?post=16727"},{"taxonomy":"product_cat","embeddable":true,"href":"https:\/\/cek.az\/en\/wp-json\/wp\/v2\/product_cat?post=16727"},{"taxonomy":"product_tag","embeddable":true,"href":"https:\/\/cek.az\/en\/wp-json\/wp\/v2\/product_tag?post=16727"}],"curies":[{"name":"wp","href":"https:\/\/api.w.org\/{rel}","templated":true}]}}