{"id":16729,"date":"2026-01-21T07:32:40","date_gmt":"2026-01-21T07:32:40","guid":{"rendered":"https:\/\/cek.az\/product\/pingvin-paket\/"},"modified":"2026-01-25T19:37:54","modified_gmt":"2026-01-25T19:37:54","slug":"pingvin-paket","status":"publish","type":"product","link":"https:\/\/cek.az\/en\/product\/pingvin-paket\/","title":{"rendered":"Pingvin paket"},"content":{"rendered":"","protected":false},"excerpt":{"rendered":"<p>Market \u00fc\u00e7\u00fcn \u015f\u0259ffaf paket<\/p>","protected":false},"featured_media":16613,"template":"","meta":[],"product_brand":[],"product_cat":[161],"product_tag":[],"class_list":{"0":"post-16729","1":"product","2":"type-product","3":"status-publish","4":"has-post-thumbnail","6":"product_cat-qablasdirma","8":"first","9":"instock","10":"virtual","11":"product-type-simple"},"_links":{"self":[{"href":"https:\/\/cek.az\/en\/wp-json\/wp\/v2\/product\/16729","targetHints":{"allow":["GET"]}}],"collection":[{"href":"https:\/\/cek.az\/en\/wp-json\/wp\/v2\/product"}],"about":[{"href":"https:\/\/cek.az\/en\/wp-json\/wp\/v2\/types\/product"}],"version-history":[{"count":1,"href":"https:\/\/cek.az\/en\/wp-json\/wp\/v2\/product\/16729\/revisions"}],"predecessor-version":[{"id":16783,"href":"https:\/\/cek.az\/en\/wp-json\/wp\/v2\/product\/16729\/revisions\/16783"}],"wp:featuredmedia":[{"embeddable":true,"href":"https:\/\/cek.az\/en\/wp-json\/wp\/v2\/media\/16613"}],"wp:attachment":[{"href":"https:\/\/cek.az\/en\/wp-json\/wp\/v2\/media?parent=16729"}],"wp:term":[{"taxonomy":"product_brand","embeddable":true,"href":"https:\/\/cek.az\/en\/wp-json\/wp\/v2\/product_brand?post=16729"},{"taxonomy":"product_cat","embeddable":true,"href":"https:\/\/cek.az\/en\/wp-json\/wp\/v2\/product_cat?post=16729"},{"taxonomy":"product_tag","embeddable":true,"href":"https:\/\/cek.az\/en\/wp-json\/wp\/v2\/product_tag?post=16729"}],"curies":[{"name":"wp","href":"https:\/\/api.w.org\/{rel}","templated":true}]}}