{"id":16733,"date":"2026-01-21T07:32:40","date_gmt":"2026-01-21T07:32:40","guid":{"rendered":"https:\/\/cek.az\/product\/wax-resin-ribbon\/"},"modified":"2026-01-25T19:26:18","modified_gmt":"2026-01-25T19:26:18","slug":"wax-resin-ribbon","status":"publish","type":"product","link":"https:\/\/cek.az\/en\/product\/wax-resin-ribbon\/","title":{"rendered":"Wax resin ribbon"},"content":{"rendered":"","protected":false},"excerpt":{"rendered":"<p>Termal transfer \u00fc\u00e7\u00fcn ribbon<\/p>","protected":false},"featured_media":16613,"template":"","meta":[],"product_brand":[],"product_cat":[184],"product_tag":[],"class_list":{"0":"post-16733","1":"product","2":"type-product","3":"status-publish","4":"has-post-thumbnail","6":"product_cat-ribbonlar","8":"first","9":"instock","10":"virtual","11":"product-type-simple"},"_links":{"self":[{"href":"https:\/\/cek.az\/en\/wp-json\/wp\/v2\/product\/16733","targetHints":{"allow":["GET"]}}],"collection":[{"href":"https:\/\/cek.az\/en\/wp-json\/wp\/v2\/product"}],"about":[{"href":"https:\/\/cek.az\/en\/wp-json\/wp\/v2\/types\/product"}],"version-history":[{"count":1,"href":"https:\/\/cek.az\/en\/wp-json\/wp\/v2\/product\/16733\/revisions"}],"predecessor-version":[{"id":16787,"href":"https:\/\/cek.az\/en\/wp-json\/wp\/v2\/product\/16733\/revisions\/16787"}],"wp:featuredmedia":[{"embeddable":true,"href":"https:\/\/cek.az\/en\/wp-json\/wp\/v2\/media\/16613"}],"wp:attachment":[{"href":"https:\/\/cek.az\/en\/wp-json\/wp\/v2\/media?parent=16733"}],"wp:term":[{"taxonomy":"product_brand","embeddable":true,"href":"https:\/\/cek.az\/en\/wp-json\/wp\/v2\/product_brand?post=16733"},{"taxonomy":"product_cat","embeddable":true,"href":"https:\/\/cek.az\/en\/wp-json\/wp\/v2\/product_cat?post=16733"},{"taxonomy":"product_tag","embeddable":true,"href":"https:\/\/cek.az\/en\/wp-json\/wp\/v2\/product_tag?post=16733"}],"curies":[{"name":"wp","href":"https:\/\/api.w.org\/{rel}","templated":true}]}}