{"id":16738,"date":"2026-01-21T07:32:41","date_gmt":"2026-01-21T07:32:41","guid":{"rendered":"https:\/\/cek.az\/product\/a4-kagiz\/"},"modified":"2026-01-25T19:39:18","modified_gmt":"2026-01-25T19:39:18","slug":"a4-kagiz","status":"publish","type":"product","link":"https:\/\/cek.az\/en\/product\/a4-kagiz\/","title":{"rendered":"A4 ka\u011f\u0131z"},"content":{"rendered":"","protected":false},"excerpt":{"rendered":"<p>Ofis \u00fc\u00e7\u00fcn a\u011f ka\u011f\u0131z<\/p>","protected":false},"featured_media":16613,"template":"","meta":[],"product_brand":[],"product_cat":[164],"product_tag":[],"class_list":{"0":"post-16738","1":"product","2":"type-product","3":"status-publish","4":"has-post-thumbnail","6":"product_cat-ofis-levazimatlari","8":"first","9":"instock","10":"virtual","11":"product-type-simple"},"_links":{"self":[{"href":"https:\/\/cek.az\/en\/wp-json\/wp\/v2\/product\/16738","targetHints":{"allow":["GET"]}}],"collection":[{"href":"https:\/\/cek.az\/en\/wp-json\/wp\/v2\/product"}],"about":[{"href":"https:\/\/cek.az\/en\/wp-json\/wp\/v2\/types\/product"}],"version-history":[{"count":1,"href":"https:\/\/cek.az\/en\/wp-json\/wp\/v2\/product\/16738\/revisions"}],"predecessor-version":[{"id":16778,"href":"https:\/\/cek.az\/en\/wp-json\/wp\/v2\/product\/16738\/revisions\/16778"}],"wp:featuredmedia":[{"embeddable":true,"href":"https:\/\/cek.az\/en\/wp-json\/wp\/v2\/media\/16613"}],"wp:attachment":[{"href":"https:\/\/cek.az\/en\/wp-json\/wp\/v2\/media?parent=16738"}],"wp:term":[{"taxonomy":"product_brand","embeddable":true,"href":"https:\/\/cek.az\/en\/wp-json\/wp\/v2\/product_brand?post=16738"},{"taxonomy":"product_cat","embeddable":true,"href":"https:\/\/cek.az\/en\/wp-json\/wp\/v2\/product_cat?post=16738"},{"taxonomy":"product_tag","embeddable":true,"href":"https:\/\/cek.az\/en\/wp-json\/wp\/v2\/product_tag?post=16738"}],"curies":[{"name":"wp","href":"https:\/\/api.w.org\/{rel}","templated":true}]}}