{"id":16739,"date":"2026-01-21T07:32:41","date_gmt":"2026-01-21T07:32:41","guid":{"rendered":"https:\/\/cek.az\/product\/q%c9%99l%c9%99m\/"},"modified":"2026-01-25T19:40:49","modified_gmt":"2026-01-25T19:40:49","slug":"q%c9%99l%c9%99m","status":"publish","type":"product","link":"https:\/\/cek.az\/en\/product\/q%c9%99l%c9%99m\/","title":{"rendered":"Q\u0259l\u0259m"},"content":{"rendered":"","protected":false},"excerpt":{"rendered":"<p>Yaz\u0131 \u00fc\u00e7\u00fcn q\u0259l\u0259m<\/p>","protected":false},"featured_media":16613,"template":"","meta":[],"product_brand":[],"product_cat":[164],"product_tag":[],"class_list":{"0":"post-16739","1":"product","2":"type-product","3":"status-publish","4":"has-post-thumbnail","6":"product_cat-ofis-levazimatlari","8":"first","9":"instock","10":"virtual","11":"product-type-simple"},"_links":{"self":[{"href":"https:\/\/cek.az\/en\/wp-json\/wp\/v2\/product\/16739","targetHints":{"allow":["GET"]}}],"collection":[{"href":"https:\/\/cek.az\/en\/wp-json\/wp\/v2\/product"}],"about":[{"href":"https:\/\/cek.az\/en\/wp-json\/wp\/v2\/types\/product"}],"version-history":[{"count":2,"href":"https:\/\/cek.az\/en\/wp-json\/wp\/v2\/product\/16739\/revisions"}],"predecessor-version":[{"id":16851,"href":"https:\/\/cek.az\/en\/wp-json\/wp\/v2\/product\/16739\/revisions\/16851"}],"wp:featuredmedia":[{"embeddable":true,"href":"https:\/\/cek.az\/en\/wp-json\/wp\/v2\/media\/16613"}],"wp:attachment":[{"href":"https:\/\/cek.az\/en\/wp-json\/wp\/v2\/media?parent=16739"}],"wp:term":[{"taxonomy":"product_brand","embeddable":true,"href":"https:\/\/cek.az\/en\/wp-json\/wp\/v2\/product_brand?post=16739"},{"taxonomy":"product_cat","embeddable":true,"href":"https:\/\/cek.az\/en\/wp-json\/wp\/v2\/product_cat?post=16739"},{"taxonomy":"product_tag","embeddable":true,"href":"https:\/\/cek.az\/en\/wp-json\/wp\/v2\/product_tag?post=16739"}],"curies":[{"name":"wp","href":"https:\/\/api.w.org\/{rel}","templated":true}]}}