{"id":16740,"date":"2026-01-21T07:32:41","date_gmt":"2026-01-21T07:32:41","guid":{"rendered":"https:\/\/cek.az\/product\/marker\/"},"modified":"2026-01-25T19:40:57","modified_gmt":"2026-01-25T19:40:57","slug":"marker","status":"publish","type":"product","link":"https:\/\/cek.az\/en\/product\/marker\/","title":{"rendered":"Marker"},"content":{"rendered":"","protected":false},"excerpt":{"rendered":"<p>L\u00f6vh\u0259 \u00fc\u00e7\u00fcn marker<\/p>","protected":false},"featured_media":16613,"template":"","meta":[],"product_brand":[],"product_cat":[164],"product_tag":[],"class_list":{"0":"post-16740","1":"product","2":"type-product","3":"status-publish","4":"has-post-thumbnail","6":"product_cat-ofis-levazimatlari","8":"first","9":"instock","10":"virtual","11":"product-type-simple"},"_links":{"self":[{"href":"https:\/\/cek.az\/en\/wp-json\/wp\/v2\/product\/16740","targetHints":{"allow":["GET"]}}],"collection":[{"href":"https:\/\/cek.az\/en\/wp-json\/wp\/v2\/product"}],"about":[{"href":"https:\/\/cek.az\/en\/wp-json\/wp\/v2\/types\/product"}],"version-history":[{"count":1,"href":"https:\/\/cek.az\/en\/wp-json\/wp\/v2\/product\/16740\/revisions"}],"predecessor-version":[{"id":16780,"href":"https:\/\/cek.az\/en\/wp-json\/wp\/v2\/product\/16740\/revisions\/16780"}],"wp:featuredmedia":[{"embeddable":true,"href":"https:\/\/cek.az\/en\/wp-json\/wp\/v2\/media\/16613"}],"wp:attachment":[{"href":"https:\/\/cek.az\/en\/wp-json\/wp\/v2\/media?parent=16740"}],"wp:term":[{"taxonomy":"product_brand","embeddable":true,"href":"https:\/\/cek.az\/en\/wp-json\/wp\/v2\/product_brand?post=16740"},{"taxonomy":"product_cat","embeddable":true,"href":"https:\/\/cek.az\/en\/wp-json\/wp\/v2\/product_cat?post=16740"},{"taxonomy":"product_tag","embeddable":true,"href":"https:\/\/cek.az\/en\/wp-json\/wp\/v2\/product_tag?post=16740"}],"curies":[{"name":"wp","href":"https:\/\/api.w.org\/{rel}","templated":true}]}}