{"id":16743,"date":"2026-01-21T07:32:42","date_gmt":"2026-01-21T07:32:42","guid":{"rendered":"https:\/\/cek.az\/product\/lovh%c9%99-ag\/"},"modified":"2026-01-25T21:46:10","modified_gmt":"2026-01-25T21:46:10","slug":"lovh%c9%99-ag","status":"publish","type":"product","link":"https:\/\/cek.az\/en\/product\/lovh%c9%99-ag\/","title":{"rendered":"L\u00f6vh\u0259 a\u011f"},"content":{"rendered":"","protected":false},"excerpt":{"rendered":"<p>Yaz\u0131 \u00fc\u00e7\u00fcn a\u011f l\u00f6vh\u0259<\/p>","protected":false},"featured_media":16613,"template":"","meta":[],"product_brand":[],"product_cat":[164],"product_tag":[],"class_list":{"0":"post-16743","1":"product","2":"type-product","3":"status-publish","4":"has-post-thumbnail","6":"product_cat-ofis-levazimatlari","8":"first","9":"instock","10":"virtual","11":"product-type-simple"},"_links":{"self":[{"href":"https:\/\/cek.az\/en\/wp-json\/wp\/v2\/product\/16743","targetHints":{"allow":["GET"]}}],"collection":[{"href":"https:\/\/cek.az\/en\/wp-json\/wp\/v2\/product"}],"about":[{"href":"https:\/\/cek.az\/en\/wp-json\/wp\/v2\/types\/product"}],"version-history":[{"count":2,"href":"https:\/\/cek.az\/en\/wp-json\/wp\/v2\/product\/16743\/revisions"}],"predecessor-version":[{"id":16888,"href":"https:\/\/cek.az\/en\/wp-json\/wp\/v2\/product\/16743\/revisions\/16888"}],"wp:featuredmedia":[{"embeddable":true,"href":"https:\/\/cek.az\/en\/wp-json\/wp\/v2\/media\/16613"}],"wp:attachment":[{"href":"https:\/\/cek.az\/en\/wp-json\/wp\/v2\/media?parent=16743"}],"wp:term":[{"taxonomy":"product_brand","embeddable":true,"href":"https:\/\/cek.az\/en\/wp-json\/wp\/v2\/product_brand?post=16743"},{"taxonomy":"product_cat","embeddable":true,"href":"https:\/\/cek.az\/en\/wp-json\/wp\/v2\/product_cat?post=16743"},{"taxonomy":"product_tag","embeddable":true,"href":"https:\/\/cek.az\/en\/wp-json\/wp\/v2\/product_tag?post=16743"}],"curies":[{"name":"wp","href":"https:\/\/api.w.org\/{rel}","templated":true}]}}